{"id":14,"date":"2026-02-10T10:09:08","date_gmt":"2026-02-10T10:09:08","guid":{"rendered":"https:\/\/orosila.it\/?page_id=14"},"modified":"2026-02-10T10:38:22","modified_gmt":"2026-02-10T10:38:22","slug":"termini-condizioni-acquisto","status":"publish","type":"page","link":"https:\/\/orosila.it\/en\/termini-condizioni-acquisto\/","title":{"rendered":"Termini e Condizioni"},"content":{"rendered":"\t\t<div data-elementor-type=\"wp-page\" data-elementor-id=\"14\" class=\"elementor elementor-14\">\n\t\t\t\t<div class=\"elementor-element elementor-element-3ae2a211 e-flex e-con-boxed e-con e-parent\" data-id=\"3ae2a211\" data-element_type=\"container\" data-e-type=\"container\">\n\t\t\t\t\t<div class=\"e-con-inner\">\n\t\t\t\t<div class=\"elementor-element elementor-element-403e249b elementor-widget elementor-widget-text-editor\" data-id=\"403e249b\" data-element_type=\"widget\" data-e-type=\"widget\" data-widget_type=\"text-editor.default\">\n\t\t\t\t\t\t\t\t\t<h4 data-start=\"471\" data-end=\"505\">Termini e Condizioni di Vendita<\/h4>\n<p data-start=\"506\" data-end=\"548\">Ultimo aggiornamento: 10 febbraio 2026<\/p>\n<h4 data-start=\"550\" data-end=\"586\">1. Titolare del sito e venditore<\/h4>\n<p data-start=\"587\" data-end=\"734\">Il presente documento disciplina i termini e le condizioni di vendita dei prodotti offerti sul sito <a href=\"https:\/\/orosila.it?utm_source=chatgpt.com\" target=\"_new\" rel=\"noopener\" data-start=\"689\" data-end=\"707\">https:\/\/orosila.it<\/a> (di seguito, il \u201cSito\u201d).<\/p>\n<p data-start=\"736\" data-end=\"899\">Venditore \/ Titolare del Sito:<br data-start=\"770\" data-end=\"773\" \/>Orosila<br data-start=\"784\" data-end=\"787\" \/>Sede: Via Vaccari, 72B, 88050 Petron\u00e0 (CZ), Italia<br data-start=\"841\" data-end=\"844\" \/>E-mail: <a rel=\"noopener\" data-start=\"854\" data-end=\"869\">info@orosila.it<\/a><br data-start=\"871\" data-end=\"874\" \/>Telefono: 0961 933217<\/p>\n<h4 data-start=\"901\" data-end=\"944\">2. Ambito di applicazione e definizioni<\/h4>\n<ul>\n<li data-start=\"947\" data-end=\"991\">Cliente: l\u2019utente che acquista sul Sito.<\/li>\n<li data-start=\"947\" data-end=\"991\">Consumatore: persona fisica che acquista per scopi estranei all\u2019attivit\u00e0 imprenditoriale\/professionale.<\/li>\n<li data-start=\"947\" data-end=\"991\">Prodotti: beni alimentari e\/o altri prodotti presenti a catalogo sul Sito.<\/li>\n<li data-start=\"947\" data-end=\"991\">Ordine: proposta di acquisto inviata dal Cliente tramite il Sito.<\/li>\n<\/ul>\n<p data-start=\"1256\" data-end=\"1475\">I presenti Termini si applicano a tutte le vendite concluse a distanza tramite il Sito, nel rispetto della normativa italiana ed europea applicabile (in particolare Codice del Consumo e norme sul commercio elettronico).<\/p>\n<h4 data-start=\"1477\" data-end=\"1508\">3. Requisiti per l\u2019acquisto<\/h4>\n<p data-start=\"1509\" data-end=\"1532\">Il Cliente dichiara di:<\/p>\n<ul>\n<li data-start=\"1535\" data-end=\"1560\">avere almeno 18 anni;<\/li>\n<li data-start=\"1535\" data-end=\"1560\">avere capacit\u00e0 di agire;<\/li>\n<li data-start=\"1535\" data-end=\"1560\">fornire dati veritieri e completi per l\u2019evasione dell\u2019ordine e la consegna.<\/li>\n<\/ul>\n<h4 data-start=\"1667\" data-end=\"1699\">4. Informazioni sui prodotti<\/h4>\n<p data-start=\"1700\" data-end=\"1839\">Le informazioni, descrizioni, immagini e ingredienti\/allergeni presenti nelle schede prodotto sono fornite con la massima cura.<br data-start=\"1827\" data-end=\"1830\" \/>Tuttavia:<\/p>\n<ul>\n<li data-start=\"1842\" data-end=\"1973\">le immagini hanno scopo illustrativo e possono non essere perfettamente rappresentative (es. confezioni aggiornate dal produttore);<\/li>\n<li data-start=\"1842\" data-end=\"1973\">fa fede quanto riportato in etichetta sul prodotto consegnato, soprattutto per ingredienti, allergeni, lotto e scadenza\/TMC.<\/li>\n<\/ul>\n<p data-start=\"2102\" data-end=\"2256\">Per esigenze di sicurezza alimentare, il Cliente \u00e8 tenuto a verificare sempre etichetta, integrit\u00e0 e modalit\u00e0 di conservazione al momento della ricezione.<\/p>\n<h4 data-start=\"2258\" data-end=\"2287\">5. Prezzi e disponibilit\u00e0<\/h4>\n<p data-start=\"2288\" data-end=\"2517\">I prezzi sono indicati in Euro e si intendono IVA inclusa, salvo diversa indicazione.<br data-start=\"2381\" data-end=\"2384\" \/>Le spese di spedizione e\/o eventuali costi aggiuntivi (es. contrassegno, se previsto) sono indicati prima della conferma dell\u2019ordine.<\/p>\n<p data-start=\"2519\" data-end=\"2621\">La disponibilit\u00e0 dei Prodotti pu\u00f2 variare. In caso di indisponibilit\u00e0 totale o parziale dopo l\u2019ordine:<\/p>\n<ul>\n<li data-start=\"2624\" data-end=\"2737\">OroSila contatter\u00e0 il Cliente (quando possibile) per proporre alternativa o rimborso della parte non disponibile;<\/li>\n<li data-start=\"2624\" data-end=\"2737\">in mancanza di istruzioni, verr\u00e0 emesso rimborso per i Prodotti non evadibili.<\/li>\n<\/ul>\n<h4 data-start=\"2820\" data-end=\"2864\">6. Registrazione e account (se previsto)<\/h4>\n<p data-start=\"2865\" data-end=\"3064\">Il Cliente pu\u00f2 acquistare creando un account o, se disponibile, come ospite.<br data-start=\"2941\" data-end=\"2944\" \/>Il Cliente \u00e8 responsabile della riservatezza delle credenziali e di ogni attivit\u00e0 effettuata tramite il proprio account.<\/p>\n<h4 data-start=\"3066\" data-end=\"3098\">7. Conclusione del contratto<\/h4>\n<p data-start=\"3099\" data-end=\"3388\">L\u2019invio dell\u2019ordine da parte del Cliente costituisce proposta di acquisto.<br data-start=\"3173\" data-end=\"3176\" \/>Il contratto di vendita si intende concluso quando il Cliente riceve la conferma d\u2019ordine (via e-mail o tramite schermata di conferma) e, comunque, a seguito dell\u2019accettazione dell\u2019ordine da parte di OroSila.<\/p>\n<p data-start=\"3390\" data-end=\"3461\">OroSila si riserva la facolt\u00e0 di rifiutare\/annullare ordini in caso di:<\/p>\n<ul>\n<li data-start=\"3464\" data-end=\"3499\">dati incompleti o non verificabili;<\/li>\n<li data-start=\"3464\" data-end=\"3499\">indisponibilit\u00e0 del prodotto;<\/li>\n<li data-start=\"3464\" data-end=\"3499\">sospetto uso fraudolento o violazione dei presenti Termini.<\/li>\n<\/ul>\n<h4 data-start=\"3595\" data-end=\"3623\">8. Modalit\u00e0 di pagamento<\/h4>\n<p data-start=\"3624\" data-end=\"3751\">Sono accettati i metodi di pagamento indicati in checkout (es. carta, PayPal e\/o altri strumenti disponibili sul Sito).<\/p>\n<p data-start=\"3753\" data-end=\"3949\">Le transazioni possono essere gestite da provider terzi: i dati di pagamento non vengono normalmente memorizzati da OroSila (salvo quanto necessario per gestire l\u2019ordine e i relativi adempimenti).<\/p>\n<p data-start=\"3951\" data-end=\"4050\">In caso di mancato buon esito del pagamento, l\u2019ordine non sar\u00e0 confermato o potr\u00e0 essere annullato.<\/p>\n<h4 data-start=\"4052\" data-end=\"4080\">9. Spedizione e consegna<\/h4>\n<p data-start=\"4081\" data-end=\"4185\">OroSila effettua consegne agli indirizzi e nelle aree coperte dal servizio indicato sul Sito (checkout).<\/p>\n<p data-start=\"4187\" data-end=\"4483\">Tempi di consegna: sono indicativi e possono variare per cause non imputabili a OroSila (es. picchi stagionali, scioperi, maltempo, rallentamenti logistici).<br data-start=\"4348\" data-end=\"4351\" \/>Il rischio di perdita o danneggiamento dei Prodotti si trasferisce al Cliente al momento della consegna (o del ritiro, se previsto).<\/p>\n<p data-start=\"4485\" data-end=\"4570\">Obblighi del Cliente alla consegna:<br data-start=\"4524\" data-end=\"4527\" \/>Al ricevimento, il Cliente deve verificare:<\/p>\n<ul>\n<li data-start=\"4573\" data-end=\"4624\">integrit\u00e0 dell\u2019imballo e dei sigilli (se presenti),<\/li>\n<li data-start=\"4573\" data-end=\"4624\">corrispondenza dei colli,<\/li>\n<li data-start=\"4573\" data-end=\"4624\">eventuali anomalie evidenti.<\/li>\n<\/ul>\n<p data-start=\"4685\" data-end=\"4824\">Eventuali danni visibili o manomissioni vanno segnalati tempestivamente secondo le istruzioni fornite dal corriere e\/o contattando OroSila.<\/p>\n<h4 data-start=\"4826\" data-end=\"4891\">10. Conservazione dei prodotti alimentari e catena del freddo<\/h4>\n<p data-start=\"4892\" data-end=\"5173\">OroSila adotta misure idonee a garantire la corretta gestione dei Prodotti (inclusi quelli che richiedono specifiche condizioni).<br data-start=\"5021\" data-end=\"5024\" \/>Dal momento della consegna, la corretta conservazione diventa responsabilit\u00e0 del Cliente, che deve attenersi alle indicazioni riportate in etichetta.<\/p>\n<h4 data-start=\"5175\" data-end=\"5229\">11. Diritto di recesso (importante per alimentari)<\/h4>\n<p data-start=\"5230\" data-end=\"5357\">Il diritto di recesso \u00e8 disciplinato dagli artt. 52 e ss. del Codice del Consumo, ma non si applica (tra gli altri casi) a:<\/p>\n<ul>\n<li data-start=\"5360\" data-end=\"5454\">beni che rischiano di deteriorarsi o scadere rapidamente (tipico dei prodotti alimentari);<\/li>\n<li data-start=\"5360\" data-end=\"5454\">beni sigillati che non si prestano a essere restituiti per motivi igienici o connessi alla protezione della salute, se aperti dopo la consegna.<\/li>\n<\/ul>\n<p data-start=\"5606\" data-end=\"5702\">Di conseguenza, per la maggior parte dei prodotti alimentari il recesso \u00e8 escluso per legge.<\/p>\n<p data-start=\"5704\" data-end=\"5972\">Eccezione: se il Sito vende anche prodotti non deperibili e\/o non alimentari per i quali il recesso \u00e8 applicabile, il Cliente pu\u00f2 esercitarlo entro 14 giorni dalla consegna, a condizione che il prodotto sia integro, non usato, completo e idoneo alla rivendita.<\/p>\n<p data-start=\"5974\" data-end=\"6137\">Per richiedere informazioni su resi\/rimborsi quando ammessi, il Cliente pu\u00f2 scrivere a <a rel=\"noopener\" data-start=\"6063\" data-end=\"6078\">info@orosila.it<\/a> indicando numero ordine, dati del Cliente e motivazione.<\/p>\n<h4 data-start=\"6139\" data-end=\"6187\">12. Prodotti non conformi, difetti e reclami<\/h4>\n<p data-start=\"6188\" data-end=\"6386\">In caso di prodotto errato, mancante, danneggiato o con non conformit\u00e0, il Cliente deve contattare OroSila senza ritardo e preferibilmente entro un termine ragionevole dalla consegna, allegando:<\/p>\n<ul>\n<li data-start=\"6389\" data-end=\"6403\">numero ordine,<\/li>\n<li data-start=\"6389\" data-end=\"6403\">descrizione del problema,<\/li>\n<li data-start=\"6389\" data-end=\"6403\">foto (imballo esterno, interno, prodotto, eventuale etichetta\/lotto).<\/li>\n<\/ul>\n<p data-start=\"6505\" data-end=\"6632\">OroSila valuter\u00e0 il caso e, ove applicabile, potr\u00e0 offrire: sostituzione, rimborso totale\/parziale, o altra soluzione adeguata.<\/p>\n<h4 data-start=\"6634\" data-end=\"6671\">13. Limitazioni di responsabilit\u00e0<\/h4>\n<p data-start=\"6672\" data-end=\"6798\">Fermo restando quanto previsto dalla legge (e in particolare i diritti inderogabili del Consumatore), OroSila non risponde di:<\/p>\n<ul>\n<li>ritardi imputabili al corriere o a cause di forza maggiore;<\/li>\n<li>uso improprio dei prodotti o conservazione non corretta dopo la consegna;<\/li>\n<li>differenze non sostanziali di confezionamento o presentazione del prodotto dovute al produttore.<\/li>\n<\/ul>\n<p data-start=\"7037\" data-end=\"7160\">In ogni caso, OroSila non limita n\u00e9 esclude responsabilit\u00e0 per dolo o colpa grave, n\u00e9 per violazioni inderogabili di legge.<\/p>\n<h4 data-start=\"7162\" data-end=\"7193\">14. Propriet\u00e0 intellettuale<\/h4>\n<p data-start=\"7194\" data-end=\"7400\">Contenuti, marchi, testi, immagini, layout e ogni elemento del Sito sono di propriet\u00e0 di OroSila o dei rispettivi titolari e sono protetti dalle leggi applicabili. \u00c8 vietata la riproduzione non autorizzata.<\/p>\n<h4 data-start=\"7402\" data-end=\"7439\">15. Protezione dei dati personali<\/h4>\n<p data-start=\"7440\" data-end=\"7588\">Il trattamento dei dati personali avviene secondo l\u2019Informativa Privacy e la Cookie Policy disponibili sul Sito. Per richieste: <a rel=\"noopener\" data-start=\"7570\" data-end=\"7585\">info@orosila.it<\/a>.<\/p>\n<h4 data-start=\"7590\" data-end=\"7618\">16. Modifiche ai Termini<\/h4>\n<p data-start=\"7619\" data-end=\"7779\">OroSila pu\u00f2 aggiornare i presenti Termini per adeguamenti normativi, tecnici o organizzativi. La versione applicabile \u00e8 quella in vigore al momento dell\u2019ordine.<\/p>\n<h4 data-start=\"7781\" data-end=\"7824\">17. Legge applicabile e foro competente<\/h4>\n<p data-start=\"7825\" data-end=\"8065\">I presenti Termini sono regolati dalla legge italiana.<br data-start=\"7883\" data-end=\"7886\" \/>Per le controversie con il Consumatore, la competenza territoriale \u00e8 quella del foro del luogo di residenza o domicilio del Consumatore, salvo diversa previsione inderogabile.<\/p>\n<h4 data-start=\"8067\" data-end=\"8118\">18. Risoluzione online delle controversie (ODR)<\/h4>\n<p data-start=\"8119\" data-end=\"8249\">Il Consumatore pu\u00f2 utilizzare la piattaforma europea di risoluzione online delle controversie (ODR) prevista dal Reg. UE 524\/2013.<\/p>\n<p>19. Contatti<\/p>\n<p data-start=\"8268\" data-end=\"8428\">Per informazioni su ordini, spedizioni, reclami e supporto:<br data-start=\"8327\" data-end=\"8330\" \/><a rel=\"noopener\" data-start=\"8332\" data-end=\"8347\">info@orosila.it<\/a> \u2013 0961 933217<br data-start=\"8367\" data-end=\"8370\" \/>Orosila \u2013 Via Vaccari, 72B, 88050 Petron\u00e0 (CZ), Italia<\/p>\t\t\t\t\t\t\t\t<\/div>\n\t\t\t\t\t<\/div>\n\t\t\t\t<\/div>\n\t\t<div class=\"elementor-element elementor-element-2329bc6 e-flex e-con-boxed e-con e-parent\" data-id=\"2329bc6\" data-element_type=\"container\" data-e-type=\"container\">\n\t\t\t\t\t<div class=\"e-con-inner\">\n\t\t\t\t<div class=\"elementor-element elementor-element-2103008 elementor-widget elementor-widget-html\" data-id=\"2103008\" data-element_type=\"widget\" data-e-type=\"widget\" data-widget_type=\"html.default\">\n\t\t\t\t\t<script type=\"application\/ld+json\">\r\n{\r\n  \"@context\": \"https:\/\/schema.org\",\r\n  \"@type\": \"FAQPage\",\r\n  \"mainEntity\": [\r\n    {\r\n      \"@type\": \"Question\",\r\n      \"name\": \"Cos\u2019\u00e8 OroSila e cosa vende?\",\r\n      \"acceptedAnswer\": {\r\n        \"@type\": \"Answer\",\r\n        \"text\": \"OroSila \u00e8 un e-commerce specializzato nella vendita online di prodotti alimentari calabresi artigianali. Nasce da una storia di famiglia iniziata nel 1970 nella lavorazione di funghi porcini e prodotti del sottobosco, evoluta negli anni fino a diventare oggi un progetto digitale che porta in tutta Italia il gusto autentico della Calabria.\"\r\n      }\r\n    },\r\n    {\r\n      \"@type\": \"Question\",\r\n      \"name\": \"OroSila \u00e8 un produttore o un rivenditore?\",\r\n      \"acceptedAnswer\": {\r\n        \"@type\": \"Answer\",\r\n        \"text\": \"OroSila seleziona e distribuisce prodotti alimentari di alta qualit\u00e0 collaborando direttamente con produttori locali e artigiani del gusto calabresi. Ogni prodotto \u00e8 scelto secondo criteri rigorosi di qualit\u00e0, territorialit\u00e0 e rispetto della tradizione.\"\r\n      }\r\n    },\r\n    {\r\n      \"@type\": \"Question\",\r\n      \"name\": \"Che tipo di prodotti alimentari calabresi posso acquistare online su OroSila?\",\r\n      \"acceptedAnswer\": {\r\n        \"@type\": \"Answer\",\r\n        \"text\": \"Nel nostro shop trovi una selezione di conserve artigianali e prodotti del sottobosco, specialit\u00e0 tipiche calabresi, dolci tradizionali e prodotti stagionali. Tutti i prodotti sono selezionati per offrire sapori autentici, ingredienti genuini e lavorazioni artigianali.\"\r\n      }\r\n    },\r\n    {\r\n      \"@type\": \"Question\",\r\n      \"name\": \"I prodotti OroSila sono artigianali?\",\r\n      \"acceptedAnswer\": {\r\n        \"@type\": \"Answer\",\r\n        \"text\": \"S\u00ec. La qualit\u00e0 artigianale \u00e8 uno dei valori fondamentali di OroSila. Collaboriamo con realt\u00e0 che rispettano le lavorazioni tradizionali e privilegiamo metodi tramandati nel tempo.\"\r\n      }\r\n    },\r\n    {\r\n      \"@type\": \"Question\",\r\n      \"name\": \"Da dove provengono i prodotti venduti su OroSila?\",\r\n      \"acceptedAnswer\": {\r\n        \"@type\": \"Answer\",\r\n        \"text\": \"I prodotti provengono principalmente dalla Calabria, con un forte legame al territorio, alle stagioni e alle materie prime locali. Sosteniamo i produttori calabresi e promuoviamo le eccellenze del territorio.\"\r\n      }\r\n    },\r\n    {\r\n      \"@type\": \"Question\",\r\n      \"name\": \"Spedite prodotti alimentari calabresi in tutta Italia?\",\r\n      \"acceptedAnswer\": {\r\n        \"@type\": \"Answer\",\r\n        \"text\": \"S\u00ec, OroSila spedisce in Italia nelle aree coperte dal servizio indicato durante il checkout. Costi e modalit\u00e0 di spedizione sono mostrati prima della conferma dell\u2019ordine.\"\r\n      }\r\n    },\r\n    {\r\n      \"@type\": \"Question\",\r\n      \"name\": \"In quanto tempo arriva un ordine OroSila?\",\r\n      \"acceptedAnswer\": {\r\n        \"@type\": \"Answer\",\r\n        \"text\": \"I tempi di consegna variano in base alla destinazione e al periodo dell\u2019anno. Facciamo il possibile per evadere rapidamente gli ordini, ma eventuali ritardi possono dipendere dal corriere o da cause esterne come festivit\u00e0, condizioni meteo o picchi stagionali.\"\r\n      }\r\n    },\r\n    {\r\n      \"@type\": \"Question\",\r\n      \"name\": \"Come vengono conservati e spediti i prodotti alimentari?\",\r\n      \"acceptedAnswer\": {\r\n        \"@type\": \"Answer\",\r\n        \"text\": \"Gestiamo i prodotti con attenzione fino alla spedizione e, per i prodotti che lo richiedono, adottiamo misure idonee alla corretta conservazione. Dopo la consegna \u00e8 responsabilit\u00e0 del cliente seguire le indicazioni riportate in etichetta.\"\r\n      }\r\n    },\r\n    {\r\n      \"@type\": \"Question\",\r\n      \"name\": \"Posso restituire un prodotto alimentare acquistato online?\",\r\n      \"acceptedAnswer\": {\r\n        \"@type\": \"Answer\",\r\n        \"text\": \"In generale no. Il diritto di recesso \u00e8 escluso per i beni che rischiano di deteriorarsi o scadere rapidamente e per i beni sigillati che non si prestano a essere restituiti per motivi igienici o di tutela della salute se aperti dopo la consegna. Eventuali eccezioni sono indicate nei Termini e Condizioni di Vendita.\"\r\n      }\r\n    },\r\n    {\r\n      \"@type\": \"Question\",\r\n      \"name\": \"Cosa succede se ricevo un prodotto danneggiato o non conforme?\",\r\n      \"acceptedAnswer\": {\r\n        \"@type\": \"Answer\",\r\n        \"text\": \"Se ricevi un prodotto danneggiato o non conforme contattaci il prima possibile indicando il numero dell\u2019ordine e allegando foto del prodotto e dell\u2019imballo. Valuteremo il caso e proporremo la soluzione pi\u00f9 adeguata, come rimborso o sostituzione quando applicabile.\"\r\n      }\r\n    },\r\n    {\r\n      \"@type\": \"Question\",\r\n      \"name\": \"I prezzi sul sito OroSila includono l\u2019IVA?\",\r\n      \"acceptedAnswer\": {\r\n        \"@type\": \"Answer\",\r\n        \"text\": \"S\u00ec, i prezzi sono indicati in Euro e includono l\u2019IVA salvo diversa indicazione. Le eventuali spese di spedizione vengono mostrate prima della conferma dell\u2019ordine.\"\r\n      }\r\n    },\r\n    {\r\n      \"@type\": \"Question\",\r\n      \"name\": \"Quali metodi di pagamento accetta OroSila?\",\r\n      \"acceptedAnswer\": {\r\n        \"@type\": \"Answer\",\r\n        \"text\": \"OroSila accetta i metodi di pagamento disponibili al checkout, ad esempio carta di credito e PayPal se attivi. I pagamenti sono gestiti tramite provider sicuri.\"\r\n      }\r\n    },\r\n    {\r\n      \"@type\": \"Question\",\r\n      \"name\": \"OroSila vende anche all\u2019estero?\",\r\n      \"acceptedAnswer\": {\r\n        \"@type\": \"Answer\",\r\n        \"text\": \"Attualmente OroSila spedisce in Italia. L\u2019obiettivo \u00e8 estendere presto le spedizioni anche all\u2019estero per far conoscere i prodotti calabresi oltre i confini nazionali.\"\r\n      }\r\n    },\r\n    {\r\n      \"@type\": \"Question\",\r\n      \"name\": \"Perch\u00e9 scegliere OroSila per acquistare prodotti calabresi online?\",\r\n      \"acceptedAnswer\": {\r\n        \"@type\": \"Answer\",\r\n        \"text\": \"Perch\u00e9 selezioniamo prodotti calabresi autentici, sosteniamo produttori locali e uniamo tradizione e innovazione digitale. L\u2019obiettivo \u00e8 offrire sapori veri e una selezione curata di eccellenze del territorio.\"\r\n      }\r\n    },\r\n    {\r\n      \"@type\": \"Question\",\r\n      \"name\": \"Come posso contattare OroSila?\",\r\n      \"acceptedAnswer\": {\r\n        \"@type\": \"Answer\",\r\n        \"text\": \"Puoi contattarci via email a info@orosila.it o telefonicamente al 0961 933217. Sede: Via Vaccari, 72B, 88050 Petron\u00e0 (CZ), Italia.\"\r\n      }\r\n    }\r\n  ]\r\n}\r\n<\/script>\r\n\t\t\t\t<\/div>\n\t\t\t\t\t<\/div>\n\t\t\t\t<\/div>\n\t\t\t\t<\/div>\n\t\t","protected":false},"excerpt":{"rendered":"<p>Termini e Condizioni di Vendita Ultimo aggiornamento: 10 febbraio 2026 1. Titolare del sito e venditore Il presente documento disciplina i termini e le condizioni di vendita dei prodotti offerti sul sito https:\/\/orosila.it (di seguito, il \u201cSito\u201d). Venditore \/ Titolare del Sito:OrosilaSede: Via Vaccari, 72B, 88050 Petron\u00e0 (CZ), ItaliaE-mail: info@orosila.itTelefono: 0961 933217 2. Ambito di &hellip; <br \/><a href=\"https:\/\/orosila.it\/en\/termini-condizioni-acquisto\/\" class=\"more-link\">Continue reading <span class=\"screen-reader-text\">Termini e Condizioni<\/span><\/a><\/p>","protected":false},"author":1,"featured_media":0,"parent":0,"menu_order":0,"comment_status":"closed","ping_status":"closed","template":"elementor_header_footer","meta":{"footnotes":""},"class_list":["post-14","page","type-page","status-publish","hentry"],"_links":{"self":[{"href":"https:\/\/orosila.it\/en\/wp-json\/wp\/v2\/pages\/14","targetHints":{"allow":["GET"]}}],"collection":[{"href":"https:\/\/orosila.it\/en\/wp-json\/wp\/v2\/pages"}],"about":[{"href":"https:\/\/orosila.it\/en\/wp-json\/wp\/v2\/types\/page"}],"author":[{"embeddable":true,"href":"https:\/\/orosila.it\/en\/wp-json\/wp\/v2\/users\/1"}],"replies":[{"embeddable":true,"href":"https:\/\/orosila.it\/en\/wp-json\/wp\/v2\/comments?post=14"}],"version-history":[{"count":13,"href":"https:\/\/orosila.it\/en\/wp-json\/wp\/v2\/pages\/14\/revisions"}],"predecessor-version":[{"id":6435,"href":"https:\/\/orosila.it\/en\/wp-json\/wp\/v2\/pages\/14\/revisions\/6435"}],"wp:attachment":[{"href":"https:\/\/orosila.it\/en\/wp-json\/wp\/v2\/media?parent=14"}],"curies":[{"name":"wp","href":"https:\/\/api.w.org\/{rel}","templated":true}]}}