{"id":322,"date":"2023-03-02T16:03:01","date_gmt":"2023-03-02T16:03:01","guid":{"rendered":"http:\/\/localhost\/wp\/furento\/?page_id=322"},"modified":"2026-04-04T19:28:18","modified_gmt":"2026-04-04T19:28:18","slug":"about","status":"publish","type":"page","link":"https:\/\/orosila.it\/en\/about\/","title":{"rendered":"Chi Siamo \u2013 Oro Sila | Prodotti Tipici Calabresi Autentici Online"},"content":{"rendered":"\t\t<div data-elementor-type=\"wp-page\" data-elementor-id=\"322\" class=\"elementor elementor-322\">\n\t\t\t\t\t\t<section class=\"elementor-section elementor-top-section elementor-element elementor-element-b1863ee elementor-section-stretched elementor-section-boxed elementor-section-height-default elementor-section-height-default\" data-id=\"b1863ee\" data-element_type=\"section\" data-e-type=\"section\" data-settings=\"{&quot;stretch_section&quot;:&quot;section-stretched&quot;,&quot;background_background&quot;:&quot;classic&quot;}\">\n\t\t\t\t\t\t<div class=\"elementor-container elementor-column-gap-default\">\n\t\t\t\t\t<div class=\"elementor-column elementor-col-100 elementor-top-column elementor-element elementor-element-0b20455\" data-id=\"0b20455\" data-element_type=\"column\" data-e-type=\"column\">\n\t\t\t<div class=\"elementor-widget-wrap elementor-element-populated\">\n\t\t\t\t\t\t<div class=\"elementor-element elementor-element-ee3b1e6 elementor-widget elementor-widget-heading\" data-id=\"ee3b1e6\" data-element_type=\"widget\" data-e-type=\"widget\" data-widget_type=\"heading.default\">\n\t\t\t\t\t<p class=\"elementor-heading-title elementor-size-default\">Prodotti Tipici Calabresi Autentici <\/p>\t\t\t\t<\/div>\n\t\t\t\t<div class=\"elementor-element elementor-element-75bcfce elementor-widget__width-inherit elementor-widget elementor-widget-text-editor\" data-id=\"75bcfce\" data-element_type=\"widget\" data-e-type=\"widget\" data-widget_type=\"text-editor.default\">\n\t\t\t\t\t\t\t\t\t<p>Tutto ebbe inizio molti anni fa, nella verde Presila calabrese, quando Roberto Gentile, animato da passione e spirito di sacrificio, inizi\u00f2 con umilt\u00e0 a commerciare funghi e castagne. Con pochi mezzi ma un grande sogno nel cuore, inizi\u00f2 a effettuare le prime consegne nei paesi vicini, portando la genuinit\u00e0 dei prodotti locali direttamente sulle tavole della gente.<\/p>\t\t\t\t\t\t\t\t<\/div>\n\t\t\t\t\t<\/div>\n\t\t<\/div>\n\t\t\t\t\t<\/div>\n\t\t<\/section>\n\t\t\t\t<section class=\"elementor-section elementor-top-section elementor-element elementor-element-74a2373 elementor-section-stretched elementor-section-boxed elementor-section-height-default elementor-section-height-default\" data-id=\"74a2373\" data-element_type=\"section\" data-e-type=\"section\" data-settings=\"{&quot;stretch_section&quot;:&quot;section-stretched&quot;,&quot;background_background&quot;:&quot;classic&quot;}\">\n\t\t\t\t\t\t<div class=\"elementor-container elementor-column-gap-default\">\n\t\t\t\t\t<div class=\"elementor-column elementor-col-100 elementor-top-column elementor-element elementor-element-e87ab56\" data-id=\"e87ab56\" data-element_type=\"column\" data-e-type=\"column\">\n\t\t\t<div class=\"elementor-widget-wrap elementor-element-populated\">\n\t\t\t\t\t\t<div class=\"elementor-element elementor-element-8e9b62c elementor-widget elementor-widget-image\" data-id=\"8e9b62c\" data-element_type=\"widget\" data-e-type=\"widget\" data-widget_type=\"image.default\">\n\t\t\t\t\t\t\t\t\t\t\t\t\t\t\t<img fetchpriority=\"high\" decoding=\"async\" width=\"1920\" height=\"1080\" src=\"https:\/\/orosila.it\/wp-content\/uploads\/2025\/11\/oro-sila-screen-big-500-x-500-px-1920-x-1080-px.png\" class=\"attachment-full size-full wp-image-5905\" alt=\"\" srcset=\"https:\/\/orosila.it\/wp-content\/uploads\/2025\/11\/oro-sila-screen-big-500-x-500-px-1920-x-1080-px.png 1920w, https:\/\/orosila.it\/wp-content\/uploads\/2025\/11\/oro-sila-screen-big-500-x-500-px-1920-x-1080-px-300x169.png 300w, https:\/\/orosila.it\/wp-content\/uploads\/2025\/11\/oro-sila-screen-big-500-x-500-px-1920-x-1080-px-1024x576.png 1024w, https:\/\/orosila.it\/wp-content\/uploads\/2025\/11\/oro-sila-screen-big-500-x-500-px-1920-x-1080-px-768x432.png 768w, https:\/\/orosila.it\/wp-content\/uploads\/2025\/11\/oro-sila-screen-big-500-x-500-px-1920-x-1080-px-1536x864.png 1536w, https:\/\/orosila.it\/wp-content\/uploads\/2025\/11\/oro-sila-screen-big-500-x-500-px-1920-x-1080-px-600x338.png 600w\" sizes=\"(max-width: 1920px) 100vw, 1920px\" \/>\t\t\t\t\t\t\t\t\t\t\t\t\t\t\t<\/div>\n\t\t\t\t\t<\/div>\n\t\t<\/div>\n\t\t\t\t\t<\/div>\n\t\t<\/section>\n\t\t\t\t<section class=\"elementor-section elementor-top-section elementor-element elementor-element-0642dfc elementor-section-stretched elementor-section-boxed elementor-section-height-default elementor-section-height-default\" data-id=\"0642dfc\" data-element_type=\"section\" data-e-type=\"section\" data-settings=\"{&quot;stretch_section&quot;:&quot;section-stretched&quot;,&quot;background_background&quot;:&quot;classic&quot;}\">\n\t\t\t\t\t\t<div class=\"elementor-container elementor-column-gap-default\">\n\t\t\t\t\t<div class=\"elementor-column elementor-col-100 elementor-top-column elementor-element elementor-element-36324fa\" data-id=\"36324fa\" data-element_type=\"column\" data-e-type=\"column\">\n\t\t\t<div class=\"elementor-widget-wrap elementor-element-populated\">\n\t\t\t\t\t\t<div class=\"elementor-element elementor-element-9f0b208 elementor-widget__width-inherit elementor-widget elementor-widget-text-editor\" data-id=\"9f0b208\" data-element_type=\"widget\" data-e-type=\"widget\" data-widget_type=\"text-editor.default\">\n\t\t\t\t\t\t\t\t\t<p>Nonostante le difficolt\u00e0 e le lunghe notti passate a trasportare merci verso il Nord Italia, il suo impegno fu costante e determinato. Dopo anni di duro lavoro, nel 1970 nacque ufficialmente l&#8217;azienda &#8220;Gentile &#8211; Lavorazione Funghi Porcini e Prodotti del Sottobosco&#8221;, fondata su tre valori chiave: qualit\u00e0, autenticit\u00e0 e rispetto per la tradizione.<\/p><p>La reputazione dell\u2019azienda si diffuse rapidamente in tutta la Calabria, grazie all\u2019eccellenza della materia prima e alla professionalit\u00e0 che ha sempre contraddistinto ogni fase della lavorazione. Nel 1981, un nuovo importante passo: l\u2019apertura dello showroom &#8220;Il Fungo&#8221; a Lecco, in Viale Turati, con un ampio catalogo che includeva conserve artigianali, dolci tradizionali e specialit\u00e0 tipiche della cucina mediterranea.<\/p><p>Con il passare degli anni, la passione di Roberto \u00e8 stata tramandata alle generazioni successive. Cos\u00ec, nel 2012, nasce MCM FOOD, erede dell\u2019esperienza accumulata in oltre quarant\u2019anni di attivit\u00e0, ma con uno sguardo rivolto al futuro. Il nostro team, forte del contatto diretto con produttori locali e artigiani del gusto, ha affinato la selezione dei prodotti, mantenendo intatti gli standard di eccellenza, territorialit\u00e0 e sostenibilit\u00e0.<\/p><p>Nasce cos\u00ec Orosila, il nostro marchio di punta e oggi anche e-commerce ufficiale, creato per portare in tutta Italia \u2014 e presto anche all\u2019estero \u2014 il sapore autentico della Calabria e delle sue tradizioni culinarie. Ogni prodotto che trovi nel nostro catalogo \u00e8 frutto di un\u2019attenta ricerca, rispetto delle stagioni, lavorazioni artigianali e soprattutto amore per il territorio.<\/p>\t\t\t\t\t\t\t\t<\/div>\n\t\t\t\t\t<\/div>\n\t\t<\/div>\n\t\t\t\t\t<\/div>\n\t\t<\/section>\n\t\t\t\t<section class=\"elementor-section elementor-top-section elementor-element elementor-element-1e0dc3e elementor-section-stretched elementor-section-boxed elementor-section-height-default elementor-section-height-default\" data-id=\"1e0dc3e\" data-element_type=\"section\" data-e-type=\"section\" data-settings=\"{&quot;stretch_section&quot;:&quot;section-stretched&quot;,&quot;background_background&quot;:&quot;classic&quot;}\">\n\t\t\t\t\t\t<div class=\"elementor-container elementor-column-gap-default\">\n\t\t\t\t\t<div class=\"elementor-column elementor-col-100 elementor-top-column elementor-element elementor-element-5ef37b9\" data-id=\"5ef37b9\" data-element_type=\"column\" data-e-type=\"column\">\n\t\t\t<div class=\"elementor-widget-wrap elementor-element-populated\">\n\t\t\t\t\t\t<div class=\"elementor-element elementor-element-42d6160 elementor-widget elementor-widget-image\" data-id=\"42d6160\" data-element_type=\"widget\" data-e-type=\"widget\" data-widget_type=\"image.default\">\n\t\t\t\t\t\t\t\t\t\t\t\t\t\t\t<img decoding=\"async\" width=\"1920\" height=\"300\" src=\"https:\/\/orosila.it\/wp-content\/uploads\/2026\/01\/orosila-cover6-1920-x-167-px.png\" class=\"attachment-full size-full wp-image-6134\" alt=\"\" srcset=\"https:\/\/orosila.it\/wp-content\/uploads\/2026\/01\/orosila-cover6-1920-x-167-px.png 1920w, https:\/\/orosila.it\/wp-content\/uploads\/2026\/01\/orosila-cover6-1920-x-167-px-300x47.png 300w, https:\/\/orosila.it\/wp-content\/uploads\/2026\/01\/orosila-cover6-1920-x-167-px-1024x160.png 1024w, https:\/\/orosila.it\/wp-content\/uploads\/2026\/01\/orosila-cover6-1920-x-167-px-768x120.png 768w, https:\/\/orosila.it\/wp-content\/uploads\/2026\/01\/orosila-cover6-1920-x-167-px-1536x240.png 1536w, https:\/\/orosila.it\/wp-content\/uploads\/2026\/01\/orosila-cover6-1920-x-167-px-600x94.png 600w\" sizes=\"(max-width: 1920px) 100vw, 1920px\" \/>\t\t\t\t\t\t\t\t\t\t\t\t\t\t\t<\/div>\n\t\t\t\t\t<\/div>\n\t\t<\/div>\n\t\t\t\t\t<\/div>\n\t\t<\/section>\n\t\t\t\t<section class=\"elementor-section elementor-top-section elementor-element elementor-element-34f311f elementor-section-stretched elementor-section-boxed elementor-section-height-default elementor-section-height-default\" data-id=\"34f311f\" data-element_type=\"section\" data-e-type=\"section\" data-settings=\"{&quot;stretch_section&quot;:&quot;section-stretched&quot;,&quot;background_background&quot;:&quot;classic&quot;}\">\n\t\t\t\t\t\t<div class=\"elementor-container elementor-column-gap-default\">\n\t\t\t\t\t<div class=\"elementor-column elementor-col-100 elementor-top-column elementor-element elementor-element-5af7bbc\" data-id=\"5af7bbc\" data-element_type=\"column\" data-e-type=\"column\">\n\t\t\t<div class=\"elementor-widget-wrap elementor-element-populated\">\n\t\t\t\t\t\t<div class=\"elementor-element elementor-element-be05a7a elementor-widget elementor-widget-heading\" data-id=\"be05a7a\" data-element_type=\"widget\" data-e-type=\"widget\" data-widget_type=\"heading.default\">\n\t\t\t\t\t<p class=\"elementor-heading-title elementor-size-default\">La nostra missione<\/p>\t\t\t\t<\/div>\n\t\t\t\t<div class=\"elementor-element elementor-element-b2f77ca elementor-widget__width-inherit elementor-widget elementor-widget-text-editor\" data-id=\"b2f77ca\" data-element_type=\"widget\" data-e-type=\"widget\" data-widget_type=\"text-editor.default\">\n\t\t\t\t\t\t\t\t\t<p>Valorizzare l\u2019identit\u00e0 gastronomica calabrese, offrendo solo prodotti selezionati, lavorati secondo tradizione ma con uno spirito moderno, garantendo qualit\u00e0 e tracciabilit\u00e0 lungo tutta la filiera.<\/p>\t\t\t\t\t\t\t\t<\/div>\n\t\t\t\t\t<\/div>\n\t\t<\/div>\n\t\t\t\t\t<\/div>\n\t\t<\/section>\n\t\t\t\t<section class=\"elementor-section elementor-top-section elementor-element elementor-element-231a047 elementor-section-stretched elementor-section-boxed elementor-section-height-default elementor-section-height-default\" data-id=\"231a047\" data-element_type=\"section\" data-e-type=\"section\" data-settings=\"{&quot;stretch_section&quot;:&quot;section-stretched&quot;,&quot;background_background&quot;:&quot;classic&quot;}\">\n\t\t\t\t\t\t<div class=\"elementor-container elementor-column-gap-default\">\n\t\t\t\t\t<div class=\"elementor-column elementor-col-100 elementor-top-column elementor-element elementor-element-f461355\" data-id=\"f461355\" data-element_type=\"column\" data-e-type=\"column\">\n\t\t\t<div class=\"elementor-widget-wrap elementor-element-populated\">\n\t\t\t\t\t\t<div class=\"elementor-element elementor-element-b1629ac elementor-widget elementor-widget-image\" data-id=\"b1629ac\" data-element_type=\"widget\" data-e-type=\"widget\" data-widget_type=\"image.default\">\n\t\t\t\t\t\t\t\t\t\t\t\t\t\t\t<img decoding=\"async\" width=\"1920\" height=\"300\" src=\"https:\/\/orosila.it\/wp-content\/uploads\/2026\/01\/orosila-cover8-1920-x-167-px.png\" class=\"attachment-full size-full wp-image-6141\" alt=\"\" srcset=\"https:\/\/orosila.it\/wp-content\/uploads\/2026\/01\/orosila-cover8-1920-x-167-px.png 1920w, https:\/\/orosila.it\/wp-content\/uploads\/2026\/01\/orosila-cover8-1920-x-167-px-300x47.png 300w, https:\/\/orosila.it\/wp-content\/uploads\/2026\/01\/orosila-cover8-1920-x-167-px-1024x160.png 1024w, https:\/\/orosila.it\/wp-content\/uploads\/2026\/01\/orosila-cover8-1920-x-167-px-768x120.png 768w, https:\/\/orosila.it\/wp-content\/uploads\/2026\/01\/orosila-cover8-1920-x-167-px-1536x240.png 1536w, https:\/\/orosila.it\/wp-content\/uploads\/2026\/01\/orosila-cover8-1920-x-167-px-600x94.png 600w\" sizes=\"(max-width: 1920px) 100vw, 1920px\" \/>\t\t\t\t\t\t\t\t\t\t\t\t\t\t\t<\/div>\n\t\t\t\t\t<\/div>\n\t\t<\/div>\n\t\t\t\t\t<\/div>\n\t\t<\/section>\n\t\t\t\t<section class=\"elementor-section elementor-top-section elementor-element elementor-element-7d30aab elementor-section-stretched elementor-section-boxed elementor-section-height-default elementor-section-height-default\" data-id=\"7d30aab\" data-element_type=\"section\" data-e-type=\"section\" data-settings=\"{&quot;stretch_section&quot;:&quot;section-stretched&quot;,&quot;background_background&quot;:&quot;classic&quot;}\">\n\t\t\t\t\t\t<div class=\"elementor-container elementor-column-gap-default\">\n\t\t\t\t\t<div class=\"elementor-column elementor-col-100 elementor-top-column elementor-element elementor-element-57bd001\" data-id=\"57bd001\" data-element_type=\"column\" data-e-type=\"column\">\n\t\t\t<div class=\"elementor-widget-wrap elementor-element-populated\">\n\t\t\t\t\t\t<div class=\"elementor-element elementor-element-64a9889 elementor-widget elementor-widget-heading\" data-id=\"64a9889\" data-element_type=\"widget\" data-e-type=\"widget\" data-widget_type=\"heading.default\">\n\t\t\t\t\t<p class=\"elementor-heading-title elementor-size-default\">Tradizione<\/p>\t\t\t\t<\/div>\n\t\t\t\t<div class=\"elementor-element elementor-element-8655fd6 elementor-widget__width-inherit elementor-widget elementor-widget-text-editor\" data-id=\"8655fd6\" data-element_type=\"widget\" data-e-type=\"widget\" data-widget_type=\"text-editor.default\">\n\t\t\t\t\t\t\t\t\t<p>Portiamo avanti con orgoglio la storia della nostra famiglia e del nostro territorio.<\/p><p><strong>Qualit\u00e0 artigianale<\/strong><\/p><p>Ogni prodotto \u00e8 scelto con cura, secondo criteri rigorosi.<\/p><p><strong>Territorio<\/strong><\/p><p>Sosteniamo i produttori locali e promuoviamo le eccellenze della Calabria.<\/p><p><strong>Innovazione consapevole<\/strong><\/p><p>uniamo la tradizione all\u2019innovazione digitale per far conoscere il gusto autentico anche online.<\/p>\t\t\t\t\t\t\t\t<\/div>\n\t\t\t\t\t<\/div>\n\t\t<\/div>\n\t\t\t\t\t<\/div>\n\t\t<\/section>\n\t\t\t\t<section class=\"elementor-section elementor-top-section elementor-element elementor-element-2f2aa7f elementor-section-stretched elementor-section-boxed elementor-section-height-default elementor-section-height-default\" data-id=\"2f2aa7f\" data-element_type=\"section\" data-e-type=\"section\" data-settings=\"{&quot;stretch_section&quot;:&quot;section-stretched&quot;,&quot;background_background&quot;:&quot;classic&quot;}\">\n\t\t\t\t\t\t<div class=\"elementor-container elementor-column-gap-default\">\n\t\t\t\t\t<div class=\"elementor-column elementor-col-100 elementor-top-column elementor-element elementor-element-c32b9d2\" data-id=\"c32b9d2\" data-element_type=\"column\" data-e-type=\"column\">\n\t\t\t<div class=\"elementor-widget-wrap elementor-element-populated\">\n\t\t\t\t\t\t<div class=\"elementor-element elementor-element-069977d elementor-widget elementor-widget-image\" data-id=\"069977d\" data-element_type=\"widget\" data-e-type=\"widget\" data-widget_type=\"image.default\">\n\t\t\t\t\t\t\t\t\t\t\t\t\t\t\t<img loading=\"lazy\" decoding=\"async\" width=\"1920\" height=\"300\" src=\"https:\/\/orosila.it\/wp-content\/uploads\/2026\/01\/orosila-cover881920-x-167-px.png\" class=\"attachment-full size-full wp-image-6146\" alt=\"\" srcset=\"https:\/\/orosila.it\/wp-content\/uploads\/2026\/01\/orosila-cover881920-x-167-px.png 1920w, https:\/\/orosila.it\/wp-content\/uploads\/2026\/01\/orosila-cover881920-x-167-px-300x47.png 300w, https:\/\/orosila.it\/wp-content\/uploads\/2026\/01\/orosila-cover881920-x-167-px-1024x160.png 1024w, https:\/\/orosila.it\/wp-content\/uploads\/2026\/01\/orosila-cover881920-x-167-px-768x120.png 768w, https:\/\/orosila.it\/wp-content\/uploads\/2026\/01\/orosila-cover881920-x-167-px-1536x240.png 1536w, https:\/\/orosila.it\/wp-content\/uploads\/2026\/01\/orosila-cover881920-x-167-px-600x94.png 600w\" sizes=\"(max-width: 1920px) 100vw, 1920px\" \/>\t\t\t\t\t\t\t\t\t\t\t\t\t\t\t<\/div>\n\t\t\t\t\t<\/div>\n\t\t<\/div>\n\t\t\t\t\t<\/div>\n\t\t<\/section>\n\t\t<div class=\"elementor-element elementor-element-a027b82 e-flex e-con-boxed e-con e-parent\" data-id=\"a027b82\" data-element_type=\"container\" data-e-type=\"container\">\n\t\t\t\t\t<div class=\"e-con-inner\">\n\t\t\t\t<div class=\"elementor-element elementor-element-3f357d0 elementor-widget elementor-widget-html\" data-id=\"3f357d0\" data-element_type=\"widget\" data-e-type=\"widget\" data-widget_type=\"html.default\">\n\t\t\t\t\t<script type=\"application\/ld+json\">\r\n{\r\n  \"@context\": \"https:\/\/schema.org\",\r\n  \"@type\": \"FAQPage\",\r\n  \"mainEntity\": [\r\n    {\r\n      \"@type\": \"Question\",\r\n      \"name\": \"Cos\u2019\u00e8 OroSila e cosa vende?\",\r\n      \"acceptedAnswer\": {\r\n        \"@type\": \"Answer\",\r\n        \"text\": \"OroSila \u00e8 un e-commerce specializzato nella vendita online di prodotti alimentari calabresi artigianali. Nasce da una storia di famiglia iniziata nel 1970 nella lavorazione di funghi porcini e prodotti del sottobosco, evoluta negli anni fino a diventare oggi un progetto digitale che porta in tutta Italia il gusto autentico della Calabria.\"\r\n      }\r\n    },\r\n    {\r\n      \"@type\": \"Question\",\r\n      \"name\": \"OroSila \u00e8 un produttore o un rivenditore?\",\r\n      \"acceptedAnswer\": {\r\n        \"@type\": \"Answer\",\r\n        \"text\": \"OroSila seleziona e distribuisce prodotti alimentari di alta qualit\u00e0 collaborando direttamente con produttori locali e artigiani del gusto calabresi. Ogni prodotto \u00e8 scelto secondo criteri rigorosi di qualit\u00e0, territorialit\u00e0 e rispetto della tradizione.\"\r\n      }\r\n    },\r\n    {\r\n      \"@type\": \"Question\",\r\n      \"name\": \"Che tipo di prodotti alimentari calabresi posso acquistare online su OroSila?\",\r\n      \"acceptedAnswer\": {\r\n        \"@type\": \"Answer\",\r\n        \"text\": \"Nel nostro shop trovi una selezione di conserve artigianali e prodotti del sottobosco, specialit\u00e0 tipiche calabresi, dolci tradizionali e prodotti stagionali. Tutti i prodotti sono selezionati per offrire sapori autentici, ingredienti genuini e lavorazioni artigianali.\"\r\n      }\r\n    },\r\n    {\r\n      \"@type\": \"Question\",\r\n      \"name\": \"I prodotti OroSila sono artigianali?\",\r\n      \"acceptedAnswer\": {\r\n        \"@type\": \"Answer\",\r\n        \"text\": \"S\u00ec. La qualit\u00e0 artigianale \u00e8 uno dei valori fondamentali di OroSila. Collaboriamo con realt\u00e0 che rispettano le lavorazioni tradizionali e privilegiamo metodi tramandati nel tempo.\"\r\n      }\r\n    },\r\n    {\r\n      \"@type\": \"Question\",\r\n      \"name\": \"Da dove provengono i prodotti venduti su OroSila?\",\r\n      \"acceptedAnswer\": {\r\n        \"@type\": \"Answer\",\r\n        \"text\": \"I prodotti provengono principalmente dalla Calabria, con un forte legame al territorio, alle stagioni e alle materie prime locali. Sosteniamo i produttori calabresi e promuoviamo le eccellenze del territorio.\"\r\n      }\r\n    },\r\n    {\r\n      \"@type\": \"Question\",\r\n      \"name\": \"Spedite prodotti alimentari calabresi in tutta Italia?\",\r\n      \"acceptedAnswer\": {\r\n        \"@type\": \"Answer\",\r\n        \"text\": \"S\u00ec, OroSila spedisce in Italia nelle aree coperte dal servizio indicato durante il checkout. Costi e modalit\u00e0 di spedizione sono mostrati prima della conferma dell\u2019ordine.\"\r\n      }\r\n    },\r\n    {\r\n      \"@type\": \"Question\",\r\n      \"name\": \"In quanto tempo arriva un ordine OroSila?\",\r\n      \"acceptedAnswer\": {\r\n        \"@type\": \"Answer\",\r\n        \"text\": \"I tempi di consegna variano in base alla destinazione e al periodo dell\u2019anno. Facciamo il possibile per evadere rapidamente gli ordini, ma eventuali ritardi possono dipendere dal corriere o da cause esterne come festivit\u00e0, condizioni meteo o picchi stagionali.\"\r\n      }\r\n    },\r\n    {\r\n      \"@type\": \"Question\",\r\n      \"name\": \"Come vengono conservati e spediti i prodotti alimentari?\",\r\n      \"acceptedAnswer\": {\r\n        \"@type\": \"Answer\",\r\n        \"text\": \"Gestiamo i prodotti con attenzione fino alla spedizione e, per i prodotti che lo richiedono, adottiamo misure idonee alla corretta conservazione. Dopo la consegna \u00e8 responsabilit\u00e0 del cliente seguire le indicazioni riportate in etichetta.\"\r\n      }\r\n    },\r\n    {\r\n      \"@type\": \"Question\",\r\n      \"name\": \"Posso restituire un prodotto alimentare acquistato online?\",\r\n      \"acceptedAnswer\": {\r\n        \"@type\": \"Answer\",\r\n        \"text\": \"In generale no. Il diritto di recesso \u00e8 escluso per i beni che rischiano di deteriorarsi o scadere rapidamente e per i beni sigillati che non si prestano a essere restituiti per motivi igienici o di tutela della salute se aperti dopo la consegna. Eventuali eccezioni sono indicate nei Termini e Condizioni di Vendita.\"\r\n      }\r\n    },\r\n    {\r\n      \"@type\": \"Question\",\r\n      \"name\": \"Cosa succede se ricevo un prodotto danneggiato o non conforme?\",\r\n      \"acceptedAnswer\": {\r\n        \"@type\": \"Answer\",\r\n        \"text\": \"Se ricevi un prodotto danneggiato o non conforme contattaci il prima possibile indicando il numero dell\u2019ordine e allegando foto del prodotto e dell\u2019imballo. Valuteremo il caso e proporremo la soluzione pi\u00f9 adeguata, come rimborso o sostituzione quando applicabile.\"\r\n      }\r\n    },\r\n    {\r\n      \"@type\": \"Question\",\r\n      \"name\": \"I prezzi sul sito OroSila includono l\u2019IVA?\",\r\n      \"acceptedAnswer\": {\r\n        \"@type\": \"Answer\",\r\n        \"text\": \"S\u00ec, i prezzi sono indicati in Euro e includono l\u2019IVA salvo diversa indicazione. Le eventuali spese di spedizione vengono mostrate prima della conferma dell\u2019ordine.\"\r\n      }\r\n    },\r\n    {\r\n      \"@type\": \"Question\",\r\n      \"name\": \"Quali metodi di pagamento accetta OroSila?\",\r\n      \"acceptedAnswer\": {\r\n        \"@type\": \"Answer\",\r\n        \"text\": \"OroSila accetta i metodi di pagamento disponibili al checkout, ad esempio carta di credito e PayPal se attivi. I pagamenti sono gestiti tramite provider sicuri.\"\r\n      }\r\n    },\r\n    {\r\n      \"@type\": \"Question\",\r\n      \"name\": \"OroSila vende anche all\u2019estero?\",\r\n      \"acceptedAnswer\": {\r\n        \"@type\": \"Answer\",\r\n        \"text\": \"Attualmente OroSila spedisce in Italia. L\u2019obiettivo \u00e8 estendere presto le spedizioni anche all\u2019estero per far conoscere i prodotti calabresi oltre i confini nazionali.\"\r\n      }\r\n    },\r\n    {\r\n      \"@type\": \"Question\",\r\n      \"name\": \"Perch\u00e9 scegliere OroSila per acquistare prodotti calabresi online?\",\r\n      \"acceptedAnswer\": {\r\n        \"@type\": \"Answer\",\r\n        \"text\": \"Perch\u00e9 selezioniamo prodotti calabresi autentici, sosteniamo produttori locali e uniamo tradizione e innovazione digitale. L\u2019obiettivo \u00e8 offrire sapori veri e una selezione curata di eccellenze del territorio.\"\r\n      }\r\n    },\r\n    {\r\n      \"@type\": \"Question\",\r\n      \"name\": \"Come posso contattare OroSila?\",\r\n      \"acceptedAnswer\": {\r\n        \"@type\": \"Answer\",\r\n        \"text\": \"Puoi contattarci via email a info@orosila.it o telefonicamente al 0961 933217. Sede: Via Vaccari, 72B, 88050 Petron\u00e0 (CZ), Italia.\"\r\n      }\r\n    }\r\n  ]\r\n}\r\n<\/script>\r\n\t\t\t\t<\/div>\n\t\t\t\t\t<\/div>\n\t\t\t\t<\/div>\n\t\t\t\t<\/div>\n\t\t","protected":false},"excerpt":{"rendered":"<p>Prodotti Tipici Calabresi Autentici Tutto ebbe inizio molti anni fa, nella verde Presila calabrese, quando Roberto Gentile, animato da passione e spirito di sacrificio, inizi\u00f2 con umilt\u00e0 a commerciare funghi e castagne. Con pochi mezzi ma un grande sogno nel cuore, inizi\u00f2 a effettuare le prime consegne nei paesi vicini, portando la genuinit\u00e0 dei prodotti &hellip; <br \/><a href=\"https:\/\/orosila.it\/en\/about\/\" class=\"more-link\">Continue reading <span class=\"screen-reader-text\">Chi Siamo \u2013 Oro Sila | Prodotti Tipici Calabresi Autentici Online<\/span><\/a><\/p>","protected":false},"author":1,"featured_media":6484,"parent":0,"menu_order":0,"comment_status":"closed","ping_status":"closed","template":"","meta":{"footnotes":""},"class_list":["post-322","page","type-page","status-publish","has-post-thumbnail","hentry"],"_links":{"self":[{"href":"https:\/\/orosila.it\/en\/wp-json\/wp\/v2\/pages\/322","targetHints":{"allow":["GET"]}}],"collection":[{"href":"https:\/\/orosila.it\/en\/wp-json\/wp\/v2\/pages"}],"about":[{"href":"https:\/\/orosila.it\/en\/wp-json\/wp\/v2\/types\/page"}],"author":[{"embeddable":true,"href":"https:\/\/orosila.it\/en\/wp-json\/wp\/v2\/users\/1"}],"replies":[{"embeddable":true,"href":"https:\/\/orosila.it\/en\/wp-json\/wp\/v2\/comments?post=322"}],"version-history":[{"count":226,"href":"https:\/\/orosila.it\/en\/wp-json\/wp\/v2\/pages\/322\/revisions"}],"predecessor-version":[{"id":6861,"href":"https:\/\/orosila.it\/en\/wp-json\/wp\/v2\/pages\/322\/revisions\/6861"}],"wp:featuredmedia":[{"embeddable":true,"href":"https:\/\/orosila.it\/en\/wp-json\/wp\/v2\/media\/6484"}],"wp:attachment":[{"href":"https:\/\/orosila.it\/en\/wp-json\/wp\/v2\/media?parent=322"}],"curies":[{"name":"wp","href":"https:\/\/api.w.org\/{rel}","templated":true}]}}